{"id":7187,"date":"2022-04-15T07:02:19","date_gmt":"2022-04-15T07:02:19","guid":{"rendered":"http:\/\/beauty.ozeltrakyahastanesi.com.tr\/bg\/?page_id=7187"},"modified":"2022-05-22T09:47:04","modified_gmt":"2022-05-22T09:47:04","slug":"%d0%bb%d0%b5%d1%87%d0%b5%d0%bd%d0%b8%d0%b5-%d0%bd%d0%b0-%d0%bf%d0%b5%d1%82%d0%bd%d0%b0","status":"publish","type":"page","link":"https:\/\/beauty.ozeltrakyahastanesi.com.tr\/bg\/%d0%bb%d0%b5%d1%87%d0%b5%d0%bd%d0%b8%d0%b5-%d0%bd%d0%b0-%d0%bf%d0%b5%d1%82%d0%bd%d0%b0\/","title":{"rendered":"\u041b\u0415\u0427\u0415\u041d\u0418\u0415 \u041d\u0410 \u041f\u0415\u0422\u041d\u0410"},"content":{"rendered":"<p>[vc_section full_width=&#8221;stretch_row&#8221; text_align=&#8221;center-md-sm-ms&#8221;][vc_row][vc_column offset=&#8221;vc_col-lg-6 vc_col-md-12&#8243;][vc_single_image image=&#8221;7080&#8243; img_size=&#8221;full&#8221;][\/vc_column][vc_column offset=&#8221;vc_col-lg-6 vc_col-md-12&#8243;]<div class=\"es-resp\">\t<div class=\"visible-xl\" style=\"height: 70px;\"><\/div>\t<div class=\"hidden-xl hidden-md hidden-sm hidden-ms hidden-xs\" style=\"height: 30px;\"><\/div>\t<div class=\"visible-md\" style=\"height: 30px;\"><\/div>\t<div class=\"visible-sm \" style=\"height: 30px;\"><\/div>\t<div class=\"visible-ms\" style=\"height: 30px;\"><\/div>\t<div class=\"visible-xs\" style=\"height: 30px;\"><\/div><\/div><div class=\"heading  default align-left color-black subcolor-main transform-default icon-type-default   vc_custom_1653212800813 heading-tag-h2\" id=\"like_sc_header_1321578159\"><h2 class=\"header ltx-sr-id-like_sc_header_13215781591783472148 ltx-sr ltx-sr-effect-fade_in ltx-sr-el-block ltx-sr-delay-0 ltx-sr-duration-1000 ltx-sr-sequences-0\">\u041b\u0415\u0427\u0415\u041d\u0418\u0415 \u041d\u0410 \u041f\u0415\u0422\u041d\u0410<\/h2><\/div>[vc_column_text]<\/p>\n<div class=\"wpb_text_column wpb_content_element \">\n<div class=\"wpb_wrapper\">\n<p class=\"Standard\">Bu tedavide en etkili y\u00f6ntem derinin kendi kendini yenilemesi ve onarmas\u0131d\u0131r. Lazer cihaz\u0131 ile tedavide lazer \u0131\u015f\u0131nlar\u0131 kontroll\u00fc olarak ba\u015flat\u0131l\u0131r. Tedaviden sonra lazer uygulanan b\u00f6lge bol bol nemlendirilir. Uygulanan b\u00f6lge kabuklan\u0131r ve bu kabuklar\u0131n kendi kendine at\u0131lmas\u0131 beklenilir.<\/p>\n<\/div>\n<\/div>\n<div class=\"es-resp\"><\/div>\n<p>[\/vc_column_text]<div class=\"es-resp\"><\/div>[\/vc_column][\/vc_row][\/vc_section][vc_row][vc_column][vc_custom_heading text=&#8221;\u041d\u0430\u0448\u0438\u044f\u0442 \u043b\u0435\u043a\u0430\u0440, \u043a\u043e\u0439\u0442\u043e \u0438\u0437\u043f\u044a\u043b\u043d\u044f\u0432\u0430 \u043f\u0440\u0438\u043b\u043e\u0436\u0435\u043d\u0438\u0435\u0442\u043e&#8221; font_container=&#8221;tag:h5|text_align:left&#8221;][vc_single_image image=&#8221;7044&#8243; img_size=&#8221;medium&#8221; style=&#8221;vc_box_rounded&#8221;][vc_column_text]<strong>\u0421\u043f\u0435\u0446. \u0414-\u0440 \u0418\u043b\u043a\u0435 \u041a\u0430\u0440\u0430\u0445\u0430\u043d<\/strong>[\/vc_column_text][\/vc_column][\/vc_row]<\/p>\n","protected":false},"excerpt":{"rendered":"<p>[vc_section full_width=&#8221;stretch_row&#8221; text_align=&#8221;center-md-sm-ms&#8221;][vc_row][vc_column offset=&#8221;vc_col-lg-6 vc_col-md-12&#8243;][vc_single_image image=&#8221;7080&#8243; img_size=&#8221;full&#8221;][\/vc_column][vc_column offset=&#8221;vc_col-lg-6 vc_col-md-12&#8243;][vc_column_text] Bu tedavide en etkili y\u00f6ntem derinin kendi kendini yenilemesi ve onarmas\u0131d\u0131r. Lazer cihaz\u0131 ile tedavide lazer \u0131\u015f\u0131nlar\u0131 kontroll\u00fc olarak ba\u015flat\u0131l\u0131r. Tedaviden sonra lazer uygulanan b\u00f6lge bol bol nemlendirilir. Uygulanan b\u00f6lge kabuklan\u0131r ve bu kabuklar\u0131n kendi kendine at\u0131lmas\u0131 beklenilir. [\/vc_column_text][\/vc_column][\/vc_row][\/vc_section][vc_row][vc_column][vc_custom_heading text=&#8221;\u041d\u0430\u0448\u0438\u044f\u0442 \u043b\u0435\u043a\u0430\u0440, \u043a\u043e\u0439\u0442\u043e \u0438\u0437\u043f\u044a\u043b\u043d\u044f\u0432\u0430 \u043f\u0440\u0438\u043b\u043e\u0436\u0435\u043d\u0438\u0435\u0442\u043e&#8221; font_container=&#8221;tag:h5|text_align:left&#8221;][vc_single_image image=&#8221;7044&#8243; img_size=&#8221;medium&#8221; style=&#8221;vc_box_rounded&#8221;][vc_column_text]\u0421\u043f\u0435\u0446. \u0414-\u0440 \u0418\u043b\u043a\u0435 \u041a\u0430\u0440\u0430\u0445\u0430\u043d[\/vc_column_text][\/vc_column][\/vc_row]<\/p>\n","protected":false},"author":1,"featured_media":0,"parent":0,"menu_order":0,"comment_status":"closed","ping_status":"closed","template":"","meta":[],"yoast_head":"<!-- This site is optimized with the Yoast SEO Premium plugin v17.9 (Yoast SEO v18.9) - https:\/\/yoast.com\/wordpress\/plugins\/seo\/ -->\n<title>\u041b\u0415\u0427\u0415\u041d\u0418\u0415 \u041d\u0410 \u041f\u0415\u0422\u041d\u0410 - Medikal Estetik \u00dcnitesi<\/title>\n<meta name=\"robots\" content=\"index, follow, max-snippet:-1, max-image-preview:large, max-video-preview:-1\" \/>\n<link rel=\"canonical\" href=\"https:\/\/beauty.ozeltrakyahastanesi.com.tr\/bg\/\u043b\u0435\u0447\u0435\u043d\u0438\u0435-\u043d\u0430-\u043f\u0435\u0442\u043d\u0430\/\" \/>\n<meta property=\"og:locale\" content=\"tr_TR\" \/>\n<meta property=\"og:type\" content=\"article\" \/>\n<meta property=\"og:title\" content=\"\u041b\u0415\u0427\u0415\u041d\u0418\u0415 \u041d\u0410 \u041f\u0415\u0422\u041d\u0410\" \/>\n<meta property=\"og:description\" content=\"[vc_section full_width=&#8221;stretch_row&#8221; text_align=&#8221;center-md-sm-ms&#8221;][vc_row][vc_column offset=&#8221;vc_col-lg-6 vc_col-md-12&#8243;][vc_single_image image=&#8221;7080&#8243; img_size=&#8221;full&#8221;][\/vc_column][vc_column offset=&#8221;vc_col-lg-6 vc_col-md-12&#8243;][vc_column_text] Bu tedavide en etkili y\u00f6ntem derinin kendi kendini yenilemesi ve onarmas\u0131d\u0131r. Lazer cihaz\u0131 ile tedavide lazer \u0131\u015f\u0131nlar\u0131 kontroll\u00fc olarak ba\u015flat\u0131l\u0131r. Tedaviden sonra lazer uygulanan b\u00f6lge bol bol nemlendirilir. Uygulanan b\u00f6lge kabuklan\u0131r ve bu kabuklar\u0131n kendi kendine at\u0131lmas\u0131 beklenilir. [\/vc_column_text][\/vc_column][\/vc_row][\/vc_section][vc_row][vc_column][vc_custom_heading text=&#8221;\u041d\u0430\u0448\u0438\u044f\u0442 \u043b\u0435\u043a\u0430\u0440, \u043a\u043e\u0439\u0442\u043e \u0438\u0437\u043f\u044a\u043b\u043d\u044f\u0432\u0430 \u043f\u0440\u0438\u043b\u043e\u0436\u0435\u043d\u0438\u0435\u0442\u043e&#8221; font_container=&#8221;tag:h5|text_align:left&#8221;][vc_single_image image=&#8221;7044&#8243; img_size=&#8221;medium&#8221; style=&#8221;vc_box_rounded&#8221;][vc_column_text]\u0421\u043f\u0435\u0446. \u0414-\u0440 \u0418\u043b\u043a\u0435 \u041a\u0430\u0440\u0430\u0445\u0430\u043d[\/vc_column_text][\/vc_column][\/vc_row]\" \/>\n<meta property=\"og:url\" content=\"https:\/\/beauty.ozeltrakyahastanesi.com.tr\/bg\/\u043b\u0435\u0447\u0435\u043d\u0438\u0435-\u043d\u0430-\u043f\u0435\u0442\u043d\u0430\/\" \/>\n<meta property=\"og:site_name\" content=\"Medikal Estetik \u00dcnitesi\" \/>\n<meta property=\"article:modified_time\" content=\"2022-05-22T09:47:04+00:00\" \/>\n<meta name=\"twitter:card\" content=\"summary_large_image\" \/>\n<meta name=\"twitter:label1\" content=\"Tahmini okuma s\u00fcresi\" \/>\n\t<meta name=\"twitter:data1\" content=\"1 dakika\" \/>\n<script type=\"application\/ld+json\" class=\"yoast-schema-graph\">{\"@context\":\"https:\/\/schema.org\",\"@graph\":[{\"@type\":\"WebSite\",\"@id\":\"https:\/\/beauty.ozeltrakyahastanesi.com.tr\/bg\/#website\",\"url\":\"https:\/\/beauty.ozeltrakyahastanesi.com.tr\/bg\/\",\"name\":\"Medikal Estetik \u00dcnitesi\",\"description\":\"&Ouml;zel Trakya Hastanesi - Edirne\",\"potentialAction\":[{\"@type\":\"SearchAction\",\"target\":{\"@type\":\"EntryPoint\",\"urlTemplate\":\"https:\/\/beauty.ozeltrakyahastanesi.com.tr\/bg\/?s={search_term_string}\"},\"query-input\":\"required name=search_term_string\"}],\"inLanguage\":\"tr\"},{\"@type\":\"WebPage\",\"@id\":\"https:\/\/beauty.ozeltrakyahastanesi.com.tr\/bg\/%d0%bb%d0%b5%d1%87%d0%b5%d0%bd%d0%b8%d0%b5-%d0%bd%d0%b0-%d0%bf%d0%b5%d1%82%d0%bd%d0%b0\/#webpage\",\"url\":\"https:\/\/beauty.ozeltrakyahastanesi.com.tr\/bg\/%d0%bb%d0%b5%d1%87%d0%b5%d0%bd%d0%b8%d0%b5-%d0%bd%d0%b0-%d0%bf%d0%b5%d1%82%d0%bd%d0%b0\/\",\"name\":\"\u041b\u0415\u0427\u0415\u041d\u0418\u0415 \u041d\u0410 \u041f\u0415\u0422\u041d\u0410 - Medikal Estetik \u00dcnitesi\",\"isPartOf\":{\"@id\":\"https:\/\/beauty.ozeltrakyahastanesi.com.tr\/bg\/#website\"},\"datePublished\":\"2022-04-15T07:02:19+00:00\",\"dateModified\":\"2022-05-22T09:47:04+00:00\",\"breadcrumb\":{\"@id\":\"https:\/\/beauty.ozeltrakyahastanesi.com.tr\/bg\/%d0%bb%d0%b5%d1%87%d0%b5%d0%bd%d0%b8%d0%b5-%d0%bd%d0%b0-%d0%bf%d0%b5%d1%82%d0%bd%d0%b0\/#breadcrumb\"},\"inLanguage\":\"tr\",\"potentialAction\":[{\"@type\":\"ReadAction\",\"target\":[\"https:\/\/beauty.ozeltrakyahastanesi.com.tr\/bg\/%d0%bb%d0%b5%d1%87%d0%b5%d0%bd%d0%b8%d0%b5-%d0%bd%d0%b0-%d0%bf%d0%b5%d1%82%d0%bd%d0%b0\/\"]}]},{\"@type\":\"BreadcrumbList\",\"@id\":\"https:\/\/beauty.ozeltrakyahastanesi.com.tr\/bg\/%d0%bb%d0%b5%d1%87%d0%b5%d0%bd%d0%b8%d0%b5-%d0%bd%d0%b0-%d0%bf%d0%b5%d1%82%d0%bd%d0%b0\/#breadcrumb\",\"itemListElement\":[{\"@type\":\"ListItem\",\"position\":1,\"name\":\"Ana Sayfa\",\"item\":\"https:\/\/beauty.ozeltrakyahastanesi.com.tr\/bg\/\"},{\"@type\":\"ListItem\",\"position\":2,\"name\":\"\u041b\u0415\u0427\u0415\u041d\u0418\u0415 \u041d\u0410 \u041f\u0415\u0422\u041d\u0410\"}]}]}<\/script>\n<!-- \/ Yoast SEO Premium plugin. -->","yoast_head_json":{"title":"\u041b\u0415\u0427\u0415\u041d\u0418\u0415 \u041d\u0410 \u041f\u0415\u0422\u041d\u0410 - Medikal Estetik \u00dcnitesi","robots":{"index":"index","follow":"follow","max-snippet":"max-snippet:-1","max-image-preview":"max-image-preview:large","max-video-preview":"max-video-preview:-1"},"canonical":"https:\/\/beauty.ozeltrakyahastanesi.com.tr\/bg\/\u043b\u0435\u0447\u0435\u043d\u0438\u0435-\u043d\u0430-\u043f\u0435\u0442\u043d\u0430\/","og_locale":"tr_TR","og_type":"article","og_title":"\u041b\u0415\u0427\u0415\u041d\u0418\u0415 \u041d\u0410 \u041f\u0415\u0422\u041d\u0410","og_description":"[vc_section full_width=&#8221;stretch_row&#8221; text_align=&#8221;center-md-sm-ms&#8221;][vc_row][vc_column offset=&#8221;vc_col-lg-6 vc_col-md-12&#8243;][vc_single_image image=&#8221;7080&#8243; img_size=&#8221;full&#8221;][\/vc_column][vc_column offset=&#8221;vc_col-lg-6 vc_col-md-12&#8243;][vc_column_text] Bu tedavide en etkili y\u00f6ntem derinin kendi kendini yenilemesi ve onarmas\u0131d\u0131r. Lazer cihaz\u0131 ile tedavide lazer \u0131\u015f\u0131nlar\u0131 kontroll\u00fc olarak ba\u015flat\u0131l\u0131r. Tedaviden sonra lazer uygulanan b\u00f6lge bol bol nemlendirilir. Uygulanan b\u00f6lge kabuklan\u0131r ve bu kabuklar\u0131n kendi kendine at\u0131lmas\u0131 beklenilir. [\/vc_column_text][\/vc_column][\/vc_row][\/vc_section][vc_row][vc_column][vc_custom_heading text=&#8221;\u041d\u0430\u0448\u0438\u044f\u0442 \u043b\u0435\u043a\u0430\u0440, \u043a\u043e\u0439\u0442\u043e \u0438\u0437\u043f\u044a\u043b\u043d\u044f\u0432\u0430 \u043f\u0440\u0438\u043b\u043e\u0436\u0435\u043d\u0438\u0435\u0442\u043e&#8221; font_container=&#8221;tag:h5|text_align:left&#8221;][vc_single_image image=&#8221;7044&#8243; img_size=&#8221;medium&#8221; style=&#8221;vc_box_rounded&#8221;][vc_column_text]\u0421\u043f\u0435\u0446. \u0414-\u0440 \u0418\u043b\u043a\u0435 \u041a\u0430\u0440\u0430\u0445\u0430\u043d[\/vc_column_text][\/vc_column][\/vc_row]","og_url":"https:\/\/beauty.ozeltrakyahastanesi.com.tr\/bg\/\u043b\u0435\u0447\u0435\u043d\u0438\u0435-\u043d\u0430-\u043f\u0435\u0442\u043d\u0430\/","og_site_name":"Medikal Estetik \u00dcnitesi","article_modified_time":"2022-05-22T09:47:04+00:00","twitter_card":"summary_large_image","twitter_misc":{"Tahmini okuma s\u00fcresi":"1 dakika"},"schema":{"@context":"https:\/\/schema.org","@graph":[{"@type":"WebSite","@id":"https:\/\/beauty.ozeltrakyahastanesi.com.tr\/bg\/#website","url":"https:\/\/beauty.ozeltrakyahastanesi.com.tr\/bg\/","name":"Medikal Estetik \u00dcnitesi","description":"&Ouml;zel Trakya Hastanesi - Edirne","potentialAction":[{"@type":"SearchAction","target":{"@type":"EntryPoint","urlTemplate":"https:\/\/beauty.ozeltrakyahastanesi.com.tr\/bg\/?s={search_term_string}"},"query-input":"required name=search_term_string"}],"inLanguage":"tr"},{"@type":"WebPage","@id":"https:\/\/beauty.ozeltrakyahastanesi.com.tr\/bg\/%d0%bb%d0%b5%d1%87%d0%b5%d0%bd%d0%b8%d0%b5-%d0%bd%d0%b0-%d0%bf%d0%b5%d1%82%d0%bd%d0%b0\/#webpage","url":"https:\/\/beauty.ozeltrakyahastanesi.com.tr\/bg\/%d0%bb%d0%b5%d1%87%d0%b5%d0%bd%d0%b8%d0%b5-%d0%bd%d0%b0-%d0%bf%d0%b5%d1%82%d0%bd%d0%b0\/","name":"\u041b\u0415\u0427\u0415\u041d\u0418\u0415 \u041d\u0410 \u041f\u0415\u0422\u041d\u0410 - Medikal Estetik \u00dcnitesi","isPartOf":{"@id":"https:\/\/beauty.ozeltrakyahastanesi.com.tr\/bg\/#website"},"datePublished":"2022-04-15T07:02:19+00:00","dateModified":"2022-05-22T09:47:04+00:00","breadcrumb":{"@id":"https:\/\/beauty.ozeltrakyahastanesi.com.tr\/bg\/%d0%bb%d0%b5%d1%87%d0%b5%d0%bd%d0%b8%d0%b5-%d0%bd%d0%b0-%d0%bf%d0%b5%d1%82%d0%bd%d0%b0\/#breadcrumb"},"inLanguage":"tr","potentialAction":[{"@type":"ReadAction","target":["https:\/\/beauty.ozeltrakyahastanesi.com.tr\/bg\/%d0%bb%d0%b5%d1%87%d0%b5%d0%bd%d0%b8%d0%b5-%d0%bd%d0%b0-%d0%bf%d0%b5%d1%82%d0%bd%d0%b0\/"]}]},{"@type":"BreadcrumbList","@id":"https:\/\/beauty.ozeltrakyahastanesi.com.tr\/bg\/%d0%bb%d0%b5%d1%87%d0%b5%d0%bd%d0%b8%d0%b5-%d0%bd%d0%b0-%d0%bf%d0%b5%d1%82%d0%bd%d0%b0\/#breadcrumb","itemListElement":[{"@type":"ListItem","position":1,"name":"Ana Sayfa","item":"https:\/\/beauty.ozeltrakyahastanesi.com.tr\/bg\/"},{"@type":"ListItem","position":2,"name":"\u041b\u0415\u0427\u0415\u041d\u0418\u0415 \u041d\u0410 \u041f\u0415\u0422\u041d\u0410"}]}]}},"_links":{"self":[{"href":"https:\/\/beauty.ozeltrakyahastanesi.com.tr\/bg\/wp-json\/wp\/v2\/pages\/7187"}],"collection":[{"href":"https:\/\/beauty.ozeltrakyahastanesi.com.tr\/bg\/wp-json\/wp\/v2\/pages"}],"about":[{"href":"https:\/\/beauty.ozeltrakyahastanesi.com.tr\/bg\/wp-json\/wp\/v2\/types\/page"}],"author":[{"embeddable":true,"href":"https:\/\/beauty.ozeltrakyahastanesi.com.tr\/bg\/wp-json\/wp\/v2\/users\/1"}],"replies":[{"embeddable":true,"href":"https:\/\/beauty.ozeltrakyahastanesi.com.tr\/bg\/wp-json\/wp\/v2\/comments?post=7187"}],"version-history":[{"count":0,"href":"https:\/\/beauty.ozeltrakyahastanesi.com.tr\/bg\/wp-json\/wp\/v2\/pages\/7187\/revisions"}],"wp:attachment":[{"href":"https:\/\/beauty.ozeltrakyahastanesi.com.tr\/bg\/wp-json\/wp\/v2\/media?parent=7187"}],"curies":[{"name":"wp","href":"https:\/\/api.w.org\/{rel}","templated":true}]}}